{"id":115,"date":"2022-02-25T23:13:17","date_gmt":"2022-02-25T23:13:17","guid":{"rendered":"https:\/\/vivetietar.com\/?page_id=115"},"modified":"2022-04-09T17:14:40","modified_gmt":"2022-04-09T17:14:40","slug":"contacto","status":"publish","type":"page","link":"https:\/\/vivetietar.com\/?page_id=115","title":{"rendered":"Contacto y Reservas"},"content":{"rendered":"\n<h5 class=\"wp-block-heading\">TFNO.: +34 630923123<\/h5>\n\n\n\n<p>Contacte con nosotros para ampliar la informaci\u00f3n que necesite, o bien para realizar las reservas de plazas.<\/p>\n\n\n\n<p>FORMULARIO:<\/p>\n\n\n\n<div class=\"wp-block-contact-form-7-contact-form-selector\">\n<div class=\"wpcf7 no-js\" id=\"wpcf7-f372-o1\" lang=\"es-ES\" dir=\"ltr\" data-wpcf7-id=\"372\">\n<div class=\"screen-reader-response\"><p role=\"status\" aria-live=\"polite\" aria-atomic=\"true\"><\/p> <ul><\/ul><\/div>\n<form action=\"\/index.php?rest_route=%2Fwp%2Fv2%2Fpages%2F115#wpcf7-f372-o1\" method=\"post\" class=\"wpcf7-form init\" aria-label=\"Formulario de contacto\" novalidate=\"novalidate\" data-status=\"init\">\n<fieldset class=\"hidden-fields-container\"><input type=\"hidden\" name=\"_wpcf7\" value=\"372\" \/><input type=\"hidden\" name=\"_wpcf7_version\" value=\"6.1.5\" \/><input type=\"hidden\" name=\"_wpcf7_locale\" value=\"es_ES\" \/><input type=\"hidden\" name=\"_wpcf7_unit_tag\" value=\"wpcf7-f372-o1\" \/><input type=\"hidden\" name=\"_wpcf7_container_post\" value=\"0\" \/><input type=\"hidden\" name=\"_wpcf7_posted_data_hash\" value=\"\" \/><input type=\"hidden\" name=\"_wpcf7cf_hidden_group_fields\" value=\"[]\" \/><input type=\"hidden\" name=\"_wpcf7cf_hidden_groups\" value=\"[]\" \/><input type=\"hidden\" name=\"_wpcf7cf_visible_groups\" value=\"[]\" \/><input type=\"hidden\" name=\"_wpcf7cf_repeaters\" value=\"[]\" \/><input type=\"hidden\" name=\"_wpcf7cf_steps\" value=\"{}\" \/><input type=\"hidden\" name=\"_wpcf7cf_options\" value=\"{&quot;form_id&quot;:372,&quot;conditions&quot;:[],&quot;settings&quot;:{&quot;animation&quot;:&quot;yes&quot;,&quot;animation_intime&quot;:200,&quot;animation_outtime&quot;:200,&quot;conditions_ui&quot;:&quot;normal&quot;,&quot;notice_dismissed&quot;:false}}\" \/><input type=\"hidden\" name=\"_wpcf7_recaptcha_response\" value=\"\" \/>\n<\/fieldset>\n<p><label> Tu nombre<br \/>\n<span class=\"wpcf7-form-control-wrap\" data-name=\"your-name\"><input size=\"40\" maxlength=\"400\" class=\"wpcf7-form-control wpcf7-text wpcf7-validates-as-required\" aria-required=\"true\" aria-invalid=\"false\" value=\"\" type=\"text\" name=\"your-name\" \/><\/span> <\/label>\n<\/p>\n<p><label> Tu tel\u00e9fono<br \/>\n<span class=\"wpcf7-form-control-wrap\" data-name=\"your-tel\"><input size=\"40\" maxlength=\"400\" class=\"wpcf7-form-control wpcf7-tel wpcf7-validates-as-required wpcf7-text wpcf7-validates-as-tel\" aria-required=\"true\" aria-invalid=\"false\" value=\"\" type=\"tel\" name=\"your-tel\" \/><\/span> <\/label>\n<\/p>\n<p><label> Tu correo electr\u00f3nico<br \/>\n<span class=\"wpcf7-form-control-wrap\" data-name=\"your-email\"><input size=\"40\" maxlength=\"400\" class=\"wpcf7-form-control wpcf7-email wpcf7-validates-as-required wpcf7-text wpcf7-validates-as-email\" aria-required=\"true\" aria-invalid=\"false\" value=\"\" type=\"email\" name=\"your-email\" \/><\/span> <\/label>\n<\/p>\n<p><label> Asunto<br \/>\n<span class=\"wpcf7-form-control-wrap\" data-name=\"your-subject\"><input size=\"40\" maxlength=\"400\" class=\"wpcf7-form-control wpcf7-text wpcf7-validates-as-required\" aria-required=\"true\" aria-invalid=\"false\" value=\"\" type=\"text\" name=\"your-subject\" \/><\/span> <\/label>\n<\/p>\n<p><label> Tu mensaje (opcional)<br \/>\n<span class=\"wpcf7-form-control-wrap\" data-name=\"your-message\"><textarea cols=\"40\" rows=\"10\" maxlength=\"2000\" class=\"wpcf7-form-control wpcf7-textarea\" aria-invalid=\"false\" name=\"your-message\"><\/textarea><\/span><\/label>\n<\/p>\n<p><input class=\"wpcf7-form-control wpcf7-submit has-spinner\" type=\"submit\" value=\"Enviar\" \/>\n<\/p><div class=\"wpcf7-response-output\" aria-hidden=\"true\"><\/div>\n<\/form>\n<\/div>\n<\/div>\n\n\n\n<p>NUESTRA DIRECCION: Camino Piedra de los Berrocales, 7, 05400 Arenas de San Pedro, \u00c1vila<\/p>\n\n\n\n<iframe src=\"https:\/\/www.google.com\/maps\/embed?pb=!1m18!1m12!1m3!1d5124.712284036464!2d-5.073545536280744!3d40.205233306009966!2m3!1f0!2f0!3f0!3m2!1i1024!2i768!4f13.1!3m3!1m2!1s0xd3fedac88ec4131%3A0xa663eb66c9b88330!2sVivetietar!5e0!3m2!1ses!2ses!4v1646571430407!5m2!1ses!2ses\" width=\"100%\" height=\"450\" style=\"border:0;\" allowfullscreen=\"\" loading=\"lazy\"><\/iframe>\n","protected":false},"excerpt":{"rendered":"<p>TFNO.: +34 630923123 Contacte con nosotros para ampliar la informaci\u00f3n que necesite, o bien para realizar las reservas de plazas.<\/p>\n","protected":false},"author":2,"featured_media":0,"parent":0,"menu_order":0,"comment_status":"closed","ping_status":"closed","template":"page-templates\/contact.php","meta":{"colormag_page_container_layout":"default_layout","colormag_page_sidebar_layout":"default_layout","footnotes":""},"class_list":["post-115","page","type-page","status-publish","hentry"],"yoast_head":"<!-- This site is optimized with the Yoast SEO plugin v27.5 - https:\/\/yoast.com\/product\/yoast-seo-wordpress\/ -->\n<title>Contacto y Reservas - Viveti\u00e9tar<\/title>\n<meta name=\"robots\" content=\"index, follow, max-snippet:-1, max-image-preview:large, max-video-preview:-1\" \/>\n<link rel=\"canonical\" href=\"https:\/\/vivetietar.com\/?page_id=115\" \/>\n<meta property=\"og:locale\" content=\"es_ES\" \/>\n<meta property=\"og:type\" content=\"article\" \/>\n<meta property=\"og:title\" content=\"Contacto y Reservas - Viveti\u00e9tar\" \/>\n<meta property=\"og:description\" content=\"TFNO.: +34 630923123 Contacte con nosotros para ampliar la informaci\u00f3n que necesite, o bien para realizar las reservas de plazas.\" \/>\n<meta property=\"og:url\" content=\"https:\/\/vivetietar.com\/?page_id=115\" \/>\n<meta property=\"og:site_name\" content=\"Viveti\u00e9tar\" \/>\n<meta property=\"article:publisher\" content=\"https:\/\/www.facebook.com\/orlando.vivetietar\/about\" \/>\n<meta property=\"article:modified_time\" content=\"2022-04-09T17:14:40+00:00\" \/>\n<meta name=\"twitter:card\" content=\"summary_large_image\" \/>\n<meta name=\"twitter:label1\" content=\"Tiempo de lectura\" \/>\n\t<meta name=\"twitter:data1\" content=\"1 minuto\" \/>\n<script type=\"application\/ld+json\" class=\"yoast-schema-graph\">{\"@context\":\"https:\\\/\\\/schema.org\",\"@graph\":[{\"@type\":\"WebPage\",\"@id\":\"https:\\\/\\\/vivetietar.com\\\/?page_id=115\",\"url\":\"https:\\\/\\\/vivetietar.com\\\/?page_id=115\",\"name\":\"Contacto y Reservas - Viveti\u00e9tar\",\"isPartOf\":{\"@id\":\"https:\\\/\\\/vivetietar.com\\\/#website\"},\"datePublished\":\"2022-02-25T23:13:17+00:00\",\"dateModified\":\"2022-04-09T17:14:40+00:00\",\"breadcrumb\":{\"@id\":\"https:\\\/\\\/vivetietar.com\\\/?page_id=115#breadcrumb\"},\"inLanguage\":\"es\",\"potentialAction\":[{\"@type\":\"ReadAction\",\"target\":[\"https:\\\/\\\/vivetietar.com\\\/?page_id=115\"]}]},{\"@type\":\"BreadcrumbList\",\"@id\":\"https:\\\/\\\/vivetietar.com\\\/?page_id=115#breadcrumb\",\"itemListElement\":[{\"@type\":\"ListItem\",\"position\":1,\"name\":\"Portada\",\"item\":\"https:\\\/\\\/vivetietar.com\\\/\"},{\"@type\":\"ListItem\",\"position\":2,\"name\":\"Contacto y Reservas\"}]},{\"@type\":\"WebSite\",\"@id\":\"https:\\\/\\\/vivetietar.com\\\/#website\",\"url\":\"https:\\\/\\\/vivetietar.com\\\/\",\"name\":\"Viveti\u00e9tar\",\"description\":\"Rutas y traves\u00edas en canoa y piragua; por el r\u00edo Ti\u00e9tar y el pantano de Rosarito generalmente\",\"publisher\":{\"@id\":\"https:\\\/\\\/vivetietar.com\\\/#\\\/schema\\\/person\\\/2cd054c532b9b4488b211bbccb6c0446\"},\"potentialAction\":[{\"@type\":\"SearchAction\",\"target\":{\"@type\":\"EntryPoint\",\"urlTemplate\":\"https:\\\/\\\/vivetietar.com\\\/?s={search_term_string}\"},\"query-input\":{\"@type\":\"PropertyValueSpecification\",\"valueRequired\":true,\"valueName\":\"search_term_string\"}}],\"inLanguage\":\"es\"},{\"@type\":[\"Person\",\"Organization\"],\"@id\":\"https:\\\/\\\/vivetietar.com\\\/#\\\/schema\\\/person\\\/2cd054c532b9b4488b211bbccb6c0446\",\"name\":\"vivetietar\",\"image\":{\"@type\":\"ImageObject\",\"inLanguage\":\"es\",\"@id\":\"https:\\\/\\\/vivetietar.com\\\/wp-content\\\/uploads\\\/2022\\\/02\\\/logo_vivetietar.png\",\"url\":\"https:\\\/\\\/vivetietar.com\\\/wp-content\\\/uploads\\\/2022\\\/02\\\/logo_vivetietar.png\",\"contentUrl\":\"https:\\\/\\\/vivetietar.com\\\/wp-content\\\/uploads\\\/2022\\\/02\\\/logo_vivetietar.png\",\"width\":707,\"height\":465,\"caption\":\"vivetietar\"},\"logo\":{\"@id\":\"https:\\\/\\\/vivetietar.com\\\/wp-content\\\/uploads\\\/2022\\\/02\\\/logo_vivetietar.png\"},\"sameAs\":[\"https:\\\/\\\/vivetietar.com\",\"https:\\\/\\\/www.facebook.com\\\/orlando.vivetietar\\\/about\",\"https:\\\/\\\/www.youtube.com\\\/user\\\/vivetietar\"]}]}<\/script>\n<!-- \/ Yoast SEO plugin. -->","yoast_head_json":{"title":"Contacto y Reservas - Viveti\u00e9tar","robots":{"index":"index","follow":"follow","max-snippet":"max-snippet:-1","max-image-preview":"max-image-preview:large","max-video-preview":"max-video-preview:-1"},"canonical":"https:\/\/vivetietar.com\/?page_id=115","og_locale":"es_ES","og_type":"article","og_title":"Contacto y Reservas - Viveti\u00e9tar","og_description":"TFNO.: +34 630923123 Contacte con nosotros para ampliar la informaci\u00f3n que necesite, o bien para realizar las reservas de plazas.","og_url":"https:\/\/vivetietar.com\/?page_id=115","og_site_name":"Viveti\u00e9tar","article_publisher":"https:\/\/www.facebook.com\/orlando.vivetietar\/about","article_modified_time":"2022-04-09T17:14:40+00:00","twitter_card":"summary_large_image","twitter_misc":{"Tiempo de lectura":"1 minuto"},"schema":{"@context":"https:\/\/schema.org","@graph":[{"@type":"WebPage","@id":"https:\/\/vivetietar.com\/?page_id=115","url":"https:\/\/vivetietar.com\/?page_id=115","name":"Contacto y Reservas - Viveti\u00e9tar","isPartOf":{"@id":"https:\/\/vivetietar.com\/#website"},"datePublished":"2022-02-25T23:13:17+00:00","dateModified":"2022-04-09T17:14:40+00:00","breadcrumb":{"@id":"https:\/\/vivetietar.com\/?page_id=115#breadcrumb"},"inLanguage":"es","potentialAction":[{"@type":"ReadAction","target":["https:\/\/vivetietar.com\/?page_id=115"]}]},{"@type":"BreadcrumbList","@id":"https:\/\/vivetietar.com\/?page_id=115#breadcrumb","itemListElement":[{"@type":"ListItem","position":1,"name":"Portada","item":"https:\/\/vivetietar.com\/"},{"@type":"ListItem","position":2,"name":"Contacto y Reservas"}]},{"@type":"WebSite","@id":"https:\/\/vivetietar.com\/#website","url":"https:\/\/vivetietar.com\/","name":"Viveti\u00e9tar","description":"Rutas y traves\u00edas en canoa y piragua; por el r\u00edo Ti\u00e9tar y el pantano de Rosarito generalmente","publisher":{"@id":"https:\/\/vivetietar.com\/#\/schema\/person\/2cd054c532b9b4488b211bbccb6c0446"},"potentialAction":[{"@type":"SearchAction","target":{"@type":"EntryPoint","urlTemplate":"https:\/\/vivetietar.com\/?s={search_term_string}"},"query-input":{"@type":"PropertyValueSpecification","valueRequired":true,"valueName":"search_term_string"}}],"inLanguage":"es"},{"@type":["Person","Organization"],"@id":"https:\/\/vivetietar.com\/#\/schema\/person\/2cd054c532b9b4488b211bbccb6c0446","name":"vivetietar","image":{"@type":"ImageObject","inLanguage":"es","@id":"https:\/\/vivetietar.com\/wp-content\/uploads\/2022\/02\/logo_vivetietar.png","url":"https:\/\/vivetietar.com\/wp-content\/uploads\/2022\/02\/logo_vivetietar.png","contentUrl":"https:\/\/vivetietar.com\/wp-content\/uploads\/2022\/02\/logo_vivetietar.png","width":707,"height":465,"caption":"vivetietar"},"logo":{"@id":"https:\/\/vivetietar.com\/wp-content\/uploads\/2022\/02\/logo_vivetietar.png"},"sameAs":["https:\/\/vivetietar.com","https:\/\/www.facebook.com\/orlando.vivetietar\/about","https:\/\/www.youtube.com\/user\/vivetietar"]}]}},"_links":{"self":[{"href":"https:\/\/vivetietar.com\/index.php?rest_route=\/wp\/v2\/pages\/115","targetHints":{"allow":["GET"]}}],"collection":[{"href":"https:\/\/vivetietar.com\/index.php?rest_route=\/wp\/v2\/pages"}],"about":[{"href":"https:\/\/vivetietar.com\/index.php?rest_route=\/wp\/v2\/types\/page"}],"author":[{"embeddable":true,"href":"https:\/\/vivetietar.com\/index.php?rest_route=\/wp\/v2\/users\/2"}],"replies":[{"embeddable":true,"href":"https:\/\/vivetietar.com\/index.php?rest_route=%2Fwp%2Fv2%2Fcomments&post=115"}],"version-history":[{"count":16,"href":"https:\/\/vivetietar.com\/index.php?rest_route=\/wp\/v2\/pages\/115\/revisions"}],"predecessor-version":[{"id":427,"href":"https:\/\/vivetietar.com\/index.php?rest_route=\/wp\/v2\/pages\/115\/revisions\/427"}],"wp:attachment":[{"href":"https:\/\/vivetietar.com\/index.php?rest_route=%2Fwp%2Fv2%2Fmedia&parent=115"}],"curies":[{"name":"wp","href":"https:\/\/api.w.org\/{rel}","templated":true}]}}