{"id":147,"date":"2022-02-26T00:58:49","date_gmt":"2022-02-26T00:58:49","guid":{"rendered":"https:\/\/vivetietar.com\/?page_id=147"},"modified":"2025-08-05T15:52:32","modified_gmt":"2025-08-05T15:52:32","slug":"tour-de-estrellas","status":"publish","type":"page","link":"https:\/\/vivetietar.com\/?page_id=147","title":{"rendered":"Tour de Estrellas"},"content":{"rendered":"\n<h5 class=\"wp-block-heading\">Traves\u00eda \/ Ruta <\/h5>\n\n\n\n<p>Este verano, ven al tour nocturno en canoa con Viveti\u00e9tar y pasa con nosotros una noche observando las estrellas en plena naturaleza. <\/p>\n\n\n\n<p>Trae a tus amigos, familia, o impresiona a tu pareja con una noche rom\u00e1ntica bajo las estrellas que nunca olvidar\u00e1. <\/p>\n\n\n\n<p>El Tour de Estrellas es una ruta guiada por nuestros monitores en canoas antivuelco, permitiendo a nuestros clientes disfrutar de una vista espectacular de forma completamente segura.<\/p>\n\n\n\n<p>La canoa nos permite acceder a zonas despejadas desde donde podremos ver el cielo sin obst\u00e1culos (\u00e1rboles, casas, etc.). Adem\u00e1s, en el embalse de Rosarito no hay contaminaci\u00f3n lum\u00ednica, lo que permite ver un mayor n\u00famero de estrellas. <\/p>\n\n\n\n<p>Contaremos con la colaboraci\u00f3n del astr\u00f3nomo aficionado <strong>Juan D\u00edaz<\/strong>, que nos ense\u00f1ar\u00e1 a observar e interpretar la b\u00f3veda celeste. Aprenderemos a identificar las principales estrellas y constelaciones, a orientarnos con el cielo, adem\u00e1s de escuchar una breve explicaci\u00f3n sobre mitolog\u00eda y sobre la historia del Universo<\/p>\n\n\n\n<p>Podr\u00e1s realizar esta actividad en las siguientes noches:<\/p>\n\n\n\n<figure class=\"wp-block-table\"><table><tbody><tr><td><\/td><td>D\u00edas<\/td><\/tr><tr><td>Julio<\/td><td>Por determinar<\/td><\/tr><tr><td>Agosto<\/td><td>Por determinar<\/td><\/tr><\/tbody><\/table><figcaption class=\"wp-element-caption\">Horario: de 22:00 a 00:00h. (aproximadamente)<\/figcaption><\/figure>\n\n\n\n<p><\/p>\n\n\n\n<figure class=\"wp-block-gallery has-nested-images columns-3 is-cropped wp-block-gallery-1 is-layout-flex wp-block-gallery-is-layout-flex\">\n<figure class=\"wp-block-image size-large\"><a href=\"https:\/\/vivetietar.com\/wp-content\/uploads\/2022\/03\/vivetietar_tour_estelar_01.jpg\" target=\"_blank\" rel=\"noopener\"><img loading=\"lazy\" decoding=\"async\" width=\"1024\" height=\"684\" data-id=\"264\" src=\"https:\/\/vivetietar.com\/wp-content\/uploads\/2022\/03\/vivetietar_tour_estelar_01-1024x684.jpg\" alt=\"\" class=\"wp-image-264\" srcset=\"https:\/\/vivetietar.com\/wp-content\/uploads\/2022\/03\/vivetietar_tour_estelar_01-1024x684.jpg 1024w, https:\/\/vivetietar.com\/wp-content\/uploads\/2022\/03\/vivetietar_tour_estelar_01-300x200.jpg 300w, https:\/\/vivetietar.com\/wp-content\/uploads\/2022\/03\/vivetietar_tour_estelar_01-768x513.jpg 768w, https:\/\/vivetietar.com\/wp-content\/uploads\/2022\/03\/vivetietar_tour_estelar_01-1536x1025.jpg 1536w, https:\/\/vivetietar.com\/wp-content\/uploads\/2022\/03\/vivetietar_tour_estelar_01.jpg 1600w\" sizes=\"auto, (max-width: 1024px) 100vw, 1024px\" \/><\/a><\/figure>\n\n\n\n<figure class=\"wp-block-image size-large\"><a href=\"https:\/\/vivetietar.com\/wp-content\/uploads\/2022\/03\/vivetietar_tour_estelar_02.jpg\" target=\"_blank\" rel=\"noopener\"><img loading=\"lazy\" decoding=\"async\" width=\"1024\" height=\"684\" data-id=\"265\" src=\"https:\/\/vivetietar.com\/wp-content\/uploads\/2022\/03\/vivetietar_tour_estelar_02-1024x684.jpg\" alt=\"\" class=\"wp-image-265\" srcset=\"https:\/\/vivetietar.com\/wp-content\/uploads\/2022\/03\/vivetietar_tour_estelar_02-1024x684.jpg 1024w, https:\/\/vivetietar.com\/wp-content\/uploads\/2022\/03\/vivetietar_tour_estelar_02-300x200.jpg 300w, https:\/\/vivetietar.com\/wp-content\/uploads\/2022\/03\/vivetietar_tour_estelar_02-768x513.jpg 768w, https:\/\/vivetietar.com\/wp-content\/uploads\/2022\/03\/vivetietar_tour_estelar_02-1536x1025.jpg 1536w, https:\/\/vivetietar.com\/wp-content\/uploads\/2022\/03\/vivetietar_tour_estelar_02.jpg 1600w\" sizes=\"auto, (max-width: 1024px) 100vw, 1024px\" \/><\/a><\/figure>\n\n\n\n<figure class=\"wp-block-image size-large\"><a href=\"https:\/\/vivetietar.com\/wp-content\/uploads\/2022\/03\/vivetietar_tour_estelar_03.jpg\" target=\"_blank\" rel=\"noopener\"><img loading=\"lazy\" decoding=\"async\" width=\"1024\" height=\"684\" data-id=\"266\" src=\"https:\/\/vivetietar.com\/wp-content\/uploads\/2022\/03\/vivetietar_tour_estelar_03-1024x684.jpg\" alt=\"\" class=\"wp-image-266\" srcset=\"https:\/\/vivetietar.com\/wp-content\/uploads\/2022\/03\/vivetietar_tour_estelar_03-1024x684.jpg 1024w, https:\/\/vivetietar.com\/wp-content\/uploads\/2022\/03\/vivetietar_tour_estelar_03-300x200.jpg 300w, https:\/\/vivetietar.com\/wp-content\/uploads\/2022\/03\/vivetietar_tour_estelar_03-768x513.jpg 768w, https:\/\/vivetietar.com\/wp-content\/uploads\/2022\/03\/vivetietar_tour_estelar_03-1536x1025.jpg 1536w, https:\/\/vivetietar.com\/wp-content\/uploads\/2022\/03\/vivetietar_tour_estelar_03.jpg 1600w\" sizes=\"auto, (max-width: 1024px) 100vw, 1024px\" \/><\/a><\/figure>\n\n\n\n<figure class=\"wp-block-image size-large\"><a href=\"https:\/\/vivetietar.com\/wp-content\/uploads\/2022\/03\/vivetietar_tour_estelar_04.jpg\" target=\"_blank\" rel=\"noopener\"><img loading=\"lazy\" decoding=\"async\" width=\"1024\" height=\"576\" data-id=\"267\" src=\"https:\/\/vivetietar.com\/wp-content\/uploads\/2022\/03\/vivetietar_tour_estelar_04-1024x576.jpg\" alt=\"\" class=\"wp-image-267\" srcset=\"https:\/\/vivetietar.com\/wp-content\/uploads\/2022\/03\/vivetietar_tour_estelar_04-1024x576.jpg 1024w, https:\/\/vivetietar.com\/wp-content\/uploads\/2022\/03\/vivetietar_tour_estelar_04-300x169.jpg 300w, https:\/\/vivetietar.com\/wp-content\/uploads\/2022\/03\/vivetietar_tour_estelar_04-768x432.jpg 768w, https:\/\/vivetietar.com\/wp-content\/uploads\/2022\/03\/vivetietar_tour_estelar_04-1536x864.jpg 1536w, https:\/\/vivetietar.com\/wp-content\/uploads\/2022\/03\/vivetietar_tour_estelar_04.jpg 1600w\" sizes=\"auto, (max-width: 1024px) 100vw, 1024px\" \/><\/a><\/figure>\n<\/figure>\n\n\n\n<figure class=\"wp-block-table is-style-regular\"><table class=\"has-white-color has-vivid-cyan-blue-background-color has-text-color has-background\"><tbody><tr><td>TOUR DE ESTRELLAS<\/td><td><\/td><\/tr><tr><td>Dificultad<\/td><td>F\u00e1cil<\/td><\/tr><tr><td>Edad<\/td><td>Mayor de 10 a\u00f1os<\/td><\/tr><tr><td>Imprescindible<\/td><td>Saber nadar<\/td><\/tr><tr><td>Grupo m\u00e1ximo<\/td><td>50 personas<\/td><\/tr><tr><td>Duraci\u00f3n<\/td><td>2 horas<\/td><\/tr><tr><td>Precio<\/td><td>Desde 35\u20ac \/per.<\/td><\/tr><\/tbody><\/table><\/figure>\n\n\n\n<h5 class=\"wp-block-heading\">Viveti\u00e9tar aporta:<\/h5>\n\n\n\n<ul class=\"wp-block-list\">\n<li>Gu\u00eda experto en remo<\/li>\n\n\n\n<li>Embarcaci\u00f3n antivuelco.<\/li>\n\n\n\n<li>Chaleco salvavidas.<\/li>\n\n\n\n<li>Palas de remo<\/li>\n\n\n\n<li>Bid\u00f3n estanco para enseres personales<\/li>\n\n\n\n<li>Bebidas.<\/li>\n\n\n\n<li>Traje y botas de neopreno (seg\u00fan \u00e9poca del a\u00f1o).<\/li>\n\n\n\n<li>Seguro RC<\/li>\n\n\n\n<li>Seguro accidentes y botiqu\u00edn<\/li>\n<\/ul>\n\n\n\n<p>.<\/p>\n","protected":false},"excerpt":{"rendered":"<p>Traves\u00eda \/ Ruta Este verano, ven al tour nocturno en canoa con Viveti\u00e9tar y pasa con nosotros una noche observando<\/p>\n","protected":false},"author":2,"featured_media":386,"parent":0,"menu_order":0,"comment_status":"closed","ping_status":"closed","template":"","meta":{"colormag_page_container_layout":"default_layout","colormag_page_sidebar_layout":"default_layout","footnotes":""},"class_list":["post-147","page","type-page","status-publish","has-post-thumbnail","hentry"],"yoast_head":"<!-- This site is optimized with the Yoast SEO plugin v27.6 - https:\/\/yoast.com\/product\/yoast-seo-wordpress\/ -->\n<title>Tour de Estrellas - Viveti\u00e9tar<\/title>\n<meta name=\"robots\" content=\"index, follow, max-snippet:-1, max-image-preview:large, max-video-preview:-1\" \/>\n<link rel=\"canonical\" href=\"https:\/\/vivetietar.com\/?page_id=147\" \/>\n<meta property=\"og:locale\" content=\"es_ES\" \/>\n<meta property=\"og:type\" content=\"article\" \/>\n<meta property=\"og:title\" content=\"Tour de Estrellas - Viveti\u00e9tar\" \/>\n<meta property=\"og:description\" content=\"Traves\u00eda \/ Ruta Este verano, ven al tour nocturno en canoa con Viveti\u00e9tar y pasa con nosotros una noche observando\" \/>\n<meta property=\"og:url\" content=\"https:\/\/vivetietar.com\/?page_id=147\" \/>\n<meta property=\"og:site_name\" content=\"Viveti\u00e9tar\" \/>\n<meta property=\"article:publisher\" content=\"https:\/\/www.facebook.com\/orlando.vivetietar\/about\" \/>\n<meta property=\"article:modified_time\" content=\"2025-08-05T15:52:32+00:00\" \/>\n<meta property=\"og:image\" content=\"https:\/\/vivetietar.com\/wp-content\/uploads\/2022\/03\/vivetietar_tour-estelar_06.jpg\" \/>\n\t<meta property=\"og:image:width\" content=\"720\" \/>\n\t<meta property=\"og:image:height\" content=\"540\" \/>\n\t<meta property=\"og:image:type\" content=\"image\/jpeg\" \/>\n<meta name=\"twitter:card\" content=\"summary_large_image\" \/>\n<meta name=\"twitter:label1\" content=\"Tiempo de lectura\" \/>\n\t<meta name=\"twitter:data1\" content=\"2 minutos\" \/>\n<script type=\"application\/ld+json\" class=\"yoast-schema-graph\">{\"@context\":\"https:\\\/\\\/schema.org\",\"@graph\":[{\"@type\":\"WebPage\",\"@id\":\"https:\\\/\\\/vivetietar.com\\\/?page_id=147\",\"url\":\"https:\\\/\\\/vivetietar.com\\\/?page_id=147\",\"name\":\"Tour de Estrellas - Viveti\u00e9tar\",\"isPartOf\":{\"@id\":\"https:\\\/\\\/vivetietar.com\\\/#website\"},\"primaryImageOfPage\":{\"@id\":\"https:\\\/\\\/vivetietar.com\\\/?page_id=147#primaryimage\"},\"image\":{\"@id\":\"https:\\\/\\\/vivetietar.com\\\/?page_id=147#primaryimage\"},\"thumbnailUrl\":\"https:\\\/\\\/vivetietar.com\\\/wp-content\\\/uploads\\\/2022\\\/03\\\/vivetietar_tour-estelar_06.jpg\",\"datePublished\":\"2022-02-26T00:58:49+00:00\",\"dateModified\":\"2025-08-05T15:52:32+00:00\",\"breadcrumb\":{\"@id\":\"https:\\\/\\\/vivetietar.com\\\/?page_id=147#breadcrumb\"},\"inLanguage\":\"es\",\"potentialAction\":[{\"@type\":\"ReadAction\",\"target\":[\"https:\\\/\\\/vivetietar.com\\\/?page_id=147\"]}]},{\"@type\":\"ImageObject\",\"inLanguage\":\"es\",\"@id\":\"https:\\\/\\\/vivetietar.com\\\/?page_id=147#primaryimage\",\"url\":\"https:\\\/\\\/vivetietar.com\\\/wp-content\\\/uploads\\\/2022\\\/03\\\/vivetietar_tour-estelar_06.jpg\",\"contentUrl\":\"https:\\\/\\\/vivetietar.com\\\/wp-content\\\/uploads\\\/2022\\\/03\\\/vivetietar_tour-estelar_06.jpg\",\"width\":720,\"height\":540},{\"@type\":\"BreadcrumbList\",\"@id\":\"https:\\\/\\\/vivetietar.com\\\/?page_id=147#breadcrumb\",\"itemListElement\":[{\"@type\":\"ListItem\",\"position\":1,\"name\":\"Portada\",\"item\":\"https:\\\/\\\/vivetietar.com\\\/\"},{\"@type\":\"ListItem\",\"position\":2,\"name\":\"Tour de Estrellas\"}]},{\"@type\":\"WebSite\",\"@id\":\"https:\\\/\\\/vivetietar.com\\\/#website\",\"url\":\"https:\\\/\\\/vivetietar.com\\\/\",\"name\":\"Viveti\u00e9tar\",\"description\":\"Rutas y traves\u00edas en canoa y piragua; por el r\u00edo Ti\u00e9tar y el pantano de Rosarito generalmente\",\"publisher\":{\"@id\":\"https:\\\/\\\/vivetietar.com\\\/#\\\/schema\\\/person\\\/2cd054c532b9b4488b211bbccb6c0446\"},\"potentialAction\":[{\"@type\":\"SearchAction\",\"target\":{\"@type\":\"EntryPoint\",\"urlTemplate\":\"https:\\\/\\\/vivetietar.com\\\/?s={search_term_string}\"},\"query-input\":{\"@type\":\"PropertyValueSpecification\",\"valueRequired\":true,\"valueName\":\"search_term_string\"}}],\"inLanguage\":\"es\"},{\"@type\":[\"Person\",\"Organization\"],\"@id\":\"https:\\\/\\\/vivetietar.com\\\/#\\\/schema\\\/person\\\/2cd054c532b9b4488b211bbccb6c0446\",\"name\":\"vivetietar\",\"image\":{\"@type\":\"ImageObject\",\"inLanguage\":\"es\",\"@id\":\"https:\\\/\\\/vivetietar.com\\\/wp-content\\\/uploads\\\/2022\\\/02\\\/logo_vivetietar.png\",\"url\":\"https:\\\/\\\/vivetietar.com\\\/wp-content\\\/uploads\\\/2022\\\/02\\\/logo_vivetietar.png\",\"contentUrl\":\"https:\\\/\\\/vivetietar.com\\\/wp-content\\\/uploads\\\/2022\\\/02\\\/logo_vivetietar.png\",\"width\":707,\"height\":465,\"caption\":\"vivetietar\"},\"logo\":{\"@id\":\"https:\\\/\\\/vivetietar.com\\\/wp-content\\\/uploads\\\/2022\\\/02\\\/logo_vivetietar.png\"},\"sameAs\":[\"https:\\\/\\\/vivetietar.com\",\"https:\\\/\\\/www.facebook.com\\\/orlando.vivetietar\\\/about\",\"https:\\\/\\\/www.youtube.com\\\/user\\\/vivetietar\"]}]}<\/script>\n<!-- \/ Yoast SEO plugin. -->","yoast_head_json":{"title":"Tour de Estrellas - Viveti\u00e9tar","robots":{"index":"index","follow":"follow","max-snippet":"max-snippet:-1","max-image-preview":"max-image-preview:large","max-video-preview":"max-video-preview:-1"},"canonical":"https:\/\/vivetietar.com\/?page_id=147","og_locale":"es_ES","og_type":"article","og_title":"Tour de Estrellas - Viveti\u00e9tar","og_description":"Traves\u00eda \/ Ruta Este verano, ven al tour nocturno en canoa con Viveti\u00e9tar y pasa con nosotros una noche observando","og_url":"https:\/\/vivetietar.com\/?page_id=147","og_site_name":"Viveti\u00e9tar","article_publisher":"https:\/\/www.facebook.com\/orlando.vivetietar\/about","article_modified_time":"2025-08-05T15:52:32+00:00","og_image":[{"width":720,"height":540,"url":"https:\/\/vivetietar.com\/wp-content\/uploads\/2022\/03\/vivetietar_tour-estelar_06.jpg","type":"image\/jpeg"}],"twitter_card":"summary_large_image","twitter_misc":{"Tiempo de lectura":"2 minutos"},"schema":{"@context":"https:\/\/schema.org","@graph":[{"@type":"WebPage","@id":"https:\/\/vivetietar.com\/?page_id=147","url":"https:\/\/vivetietar.com\/?page_id=147","name":"Tour de Estrellas - Viveti\u00e9tar","isPartOf":{"@id":"https:\/\/vivetietar.com\/#website"},"primaryImageOfPage":{"@id":"https:\/\/vivetietar.com\/?page_id=147#primaryimage"},"image":{"@id":"https:\/\/vivetietar.com\/?page_id=147#primaryimage"},"thumbnailUrl":"https:\/\/vivetietar.com\/wp-content\/uploads\/2022\/03\/vivetietar_tour-estelar_06.jpg","datePublished":"2022-02-26T00:58:49+00:00","dateModified":"2025-08-05T15:52:32+00:00","breadcrumb":{"@id":"https:\/\/vivetietar.com\/?page_id=147#breadcrumb"},"inLanguage":"es","potentialAction":[{"@type":"ReadAction","target":["https:\/\/vivetietar.com\/?page_id=147"]}]},{"@type":"ImageObject","inLanguage":"es","@id":"https:\/\/vivetietar.com\/?page_id=147#primaryimage","url":"https:\/\/vivetietar.com\/wp-content\/uploads\/2022\/03\/vivetietar_tour-estelar_06.jpg","contentUrl":"https:\/\/vivetietar.com\/wp-content\/uploads\/2022\/03\/vivetietar_tour-estelar_06.jpg","width":720,"height":540},{"@type":"BreadcrumbList","@id":"https:\/\/vivetietar.com\/?page_id=147#breadcrumb","itemListElement":[{"@type":"ListItem","position":1,"name":"Portada","item":"https:\/\/vivetietar.com\/"},{"@type":"ListItem","position":2,"name":"Tour de Estrellas"}]},{"@type":"WebSite","@id":"https:\/\/vivetietar.com\/#website","url":"https:\/\/vivetietar.com\/","name":"Viveti\u00e9tar","description":"Rutas y traves\u00edas en canoa y piragua; por el r\u00edo Ti\u00e9tar y el pantano de Rosarito generalmente","publisher":{"@id":"https:\/\/vivetietar.com\/#\/schema\/person\/2cd054c532b9b4488b211bbccb6c0446"},"potentialAction":[{"@type":"SearchAction","target":{"@type":"EntryPoint","urlTemplate":"https:\/\/vivetietar.com\/?s={search_term_string}"},"query-input":{"@type":"PropertyValueSpecification","valueRequired":true,"valueName":"search_term_string"}}],"inLanguage":"es"},{"@type":["Person","Organization"],"@id":"https:\/\/vivetietar.com\/#\/schema\/person\/2cd054c532b9b4488b211bbccb6c0446","name":"vivetietar","image":{"@type":"ImageObject","inLanguage":"es","@id":"https:\/\/vivetietar.com\/wp-content\/uploads\/2022\/02\/logo_vivetietar.png","url":"https:\/\/vivetietar.com\/wp-content\/uploads\/2022\/02\/logo_vivetietar.png","contentUrl":"https:\/\/vivetietar.com\/wp-content\/uploads\/2022\/02\/logo_vivetietar.png","width":707,"height":465,"caption":"vivetietar"},"logo":{"@id":"https:\/\/vivetietar.com\/wp-content\/uploads\/2022\/02\/logo_vivetietar.png"},"sameAs":["https:\/\/vivetietar.com","https:\/\/www.facebook.com\/orlando.vivetietar\/about","https:\/\/www.youtube.com\/user\/vivetietar"]}]}},"_links":{"self":[{"href":"https:\/\/vivetietar.com\/index.php?rest_route=\/wp\/v2\/pages\/147","targetHints":{"allow":["GET"]}}],"collection":[{"href":"https:\/\/vivetietar.com\/index.php?rest_route=\/wp\/v2\/pages"}],"about":[{"href":"https:\/\/vivetietar.com\/index.php?rest_route=\/wp\/v2\/types\/page"}],"author":[{"embeddable":true,"href":"https:\/\/vivetietar.com\/index.php?rest_route=\/wp\/v2\/users\/2"}],"replies":[{"embeddable":true,"href":"https:\/\/vivetietar.com\/index.php?rest_route=%2Fwp%2Fv2%2Fcomments&post=147"}],"version-history":[{"count":26,"href":"https:\/\/vivetietar.com\/index.php?rest_route=\/wp\/v2\/pages\/147\/revisions"}],"predecessor-version":[{"id":697,"href":"https:\/\/vivetietar.com\/index.php?rest_route=\/wp\/v2\/pages\/147\/revisions\/697"}],"wp:featuredmedia":[{"embeddable":true,"href":"https:\/\/vivetietar.com\/index.php?rest_route=\/wp\/v2\/media\/386"}],"wp:attachment":[{"href":"https:\/\/vivetietar.com\/index.php?rest_route=%2Fwp%2Fv2%2Fmedia&parent=147"}],"curies":[{"name":"wp","href":"https:\/\/api.w.org\/{rel}","templated":true}]}}