{"id":161,"date":"2022-02-26T01:05:35","date_gmt":"2022-02-26T01:05:35","guid":{"rendered":"https:\/\/vivetietar.com\/?page_id=161"},"modified":"2023-04-28T15:57:59","modified_gmt":"2023-04-28T15:57:59","slug":"informacion-de-interes","status":"publish","type":"page","link":"https:\/\/vivetietar.com\/?page_id=161","title":{"rendered":"Informaci\u00f3n de inter\u00e9s"},"content":{"rendered":"\n<p><mark style=\"background-color:#0693e3\" class=\"has-inline-color has-white-color\"><strong>RECOMENDACIONES DURANTE LA ACTIVIDAD:<\/strong><\/mark><\/p>\n\n\n\n<p>Nuestra dilatada experiencia (llevamos funcionando en el r\u00edo Ti\u00e9tar y en el pantano de Rosarito desde 1999) te garantizar\u00e1 una segura y agradable experiencia. \u00danicamente te pedimos que tengas en consideraci\u00f3n lo siguiente:<\/p>\n\n\n\n<ul class=\"wp-block-list\">\n<li>El monitor es tu gu\u00eda. Te resolver\u00e1 cualquier duda que tengas y ser\u00e1 f\u00e1cilmente accesible pues siempre viaja dentro del grupo manteniendo un distancia visual apropiada.<\/li>\n\n\n\n<li>No olvides llevar  calzado que puedas mojar y, sobre todo en verano, ba\u00f1ador ropa deportiva, ropa seca para cambiarte, toalla, gorro y crema de protecci\u00f3n solar.<\/li>\n\n\n\n<li>Respeta la fauna y flora del r\u00edo y el pantano para que todos podamos seguir disfrut\u00e1ndola.<\/li>\n\n\n\n<li>No dejemos basura. Llevamos recipientes para transportarla y depositarla en sus contenedores cuando terminemos la actividad.<\/li>\n<\/ul>\n\n\n\n<p><strong><mark style=\"background-color:#0693e3\" class=\"has-inline-color has-white-color\">OTRAS ACTIVIDADES EN LA ZONA:<\/mark><\/strong><\/p>\n\n\n\n<figure class=\"wp-block-embed is-type-video is-provider-youtube wp-block-embed-youtube wp-embed-aspect-16-9 wp-has-aspect-ratio\"><div class=\"wp-block-embed__wrapper\">\n<iframe loading=\"lazy\" title=\"Turismo Activo\" width=\"800\" height=\"450\" src=\"https:\/\/www.youtube.com\/embed\/yKg-Z-6_M1M?feature=oembed\" frameborder=\"0\" allow=\"accelerometer; autoplay; clipboard-write; encrypted-media; gyroscope; picture-in-picture; web-share\" allowfullscreen><\/iframe>\n<\/div><\/figure>\n\n\n\n<div class=\"wp-block-media-text alignwide has-media-on-the-right is-stacked-on-mobile\" style=\"grid-template-columns:auto 33%\"><div class=\"wp-block-media-text__content\">\n<p>Una de las actividades m\u00e1s demandadas por nuestros clientes es la de senderismo. Pues bien, nuestro amigo <strong>Carlos Cairols<\/strong>, experimentado monta\u00f1ero, te ense\u00f1ar\u00e1 lugares maravillosos de nuestro entorno, y si quieres te dar\u00e1 clases de escalada, barranquismo y orientaci\u00f3n. No dudes en consultar su web <strong><a href=\"https:\/\/guiasgredos.com\/\" target=\"_blank\" rel=\"noreferrer noopener\">Gu\u00edas Gredos<\/a><\/strong><\/p>\n\n\n\n<figure class=\"wp-block-image size-full\"><a href=\"https:\/\/guiasgredos.com\/\" target=\"_blank\" rel=\"noreferrer noopener\"><img loading=\"lazy\" decoding=\"async\" width=\"400\" height=\"125\" src=\"https:\/\/vivetietar.com\/wp-content\/uploads\/2022\/06\/logo_guias_gredos.png\" alt=\"\" class=\"wp-image-542\" srcset=\"https:\/\/vivetietar.com\/wp-content\/uploads\/2022\/06\/logo_guias_gredos.png 400w, https:\/\/vivetietar.com\/wp-content\/uploads\/2022\/06\/logo_guias_gredos-300x94.png 300w\" sizes=\"auto, (max-width: 400px) 100vw, 400px\" \/><\/a><\/figure>\n<\/div><figure class=\"wp-block-media-text__media\"><a href=\"https:\/\/vivetietar.com\/wp-content\/uploads\/2022\/06\/guiasgredos_collage-1.jpg\" target=\"_blank\" rel=\"noreferrer noopener\"><img loading=\"lazy\" decoding=\"async\" width=\"768\" height=\"1024\" src=\"https:\/\/vivetietar.com\/wp-content\/uploads\/2022\/06\/guiasgredos_collage-1-768x1024.jpg\" alt=\"\" class=\"wp-image-554 size-full\" srcset=\"https:\/\/vivetietar.com\/wp-content\/uploads\/2022\/06\/guiasgredos_collage-1-768x1024.jpg 768w, https:\/\/vivetietar.com\/wp-content\/uploads\/2022\/06\/guiasgredos_collage-1-225x300.jpg 225w, https:\/\/vivetietar.com\/wp-content\/uploads\/2022\/06\/guiasgredos_collage-1-1152x1536.jpg 1152w, https:\/\/vivetietar.com\/wp-content\/uploads\/2022\/06\/guiasgredos_collage-1.jpg 1200w\" sizes=\"auto, (max-width: 768px) 100vw, 768px\" \/><\/a><\/figure><\/div>\n\n\n\n<p>Para los que busqu\u00e9is m\u00e1s alternativas aqu\u00ed os dejamos diferentes enlaces a art\u00edculos que helar\u00e1n las diferentes actividades y visitaa recomendadas en nuestra zona.<\/p>\n\n\n\n<div class=\"wp-block-cover is-light\"><span aria-hidden=\"true\" class=\"wp-block-cover__background has-background-dim\"><\/span><img loading=\"lazy\" decoding=\"async\" width=\"1920\" height=\"1271\" class=\"wp-block-cover__image-background wp-image-456\" alt=\"\" src=\"https:\/\/vivetietar.com\/wp-content\/uploads\/2022\/05\/noticias.jpg\" style=\"object-position:54% 78%\" data-object-fit=\"cover\" data-object-position=\"54% 78%\" srcset=\"https:\/\/vivetietar.com\/wp-content\/uploads\/2022\/05\/noticias.jpg 1920w, https:\/\/vivetietar.com\/wp-content\/uploads\/2022\/05\/noticias-300x199.jpg 300w, https:\/\/vivetietar.com\/wp-content\/uploads\/2022\/05\/noticias-1024x678.jpg 1024w, https:\/\/vivetietar.com\/wp-content\/uploads\/2022\/05\/noticias-768x508.jpg 768w, https:\/\/vivetietar.com\/wp-content\/uploads\/2022\/05\/noticias-1536x1017.jpg 1536w\" sizes=\"auto, (max-width: 1920px) 100vw, 1920px\" \/><div class=\"wp-block-cover__inner-container is-layout-flow wp-block-cover-is-layout-flow\">\n<div class=\"wp-block-media-text alignwide is-stacked-on-mobile\" style=\"grid-template-columns:15% auto\"><figure class=\"wp-block-media-text__media\"><a href=\"https:\/\/www.traveler.es\/experiencias\/articulos\/candeleda-avila-planes-verano-2021\/21547\" target=\"_blank\" rel=\"noopener\"><img loading=\"lazy\" decoding=\"async\" width=\"447\" height=\"223\" src=\"https:\/\/vivetietar.com\/wp-content\/uploads\/2022\/05\/Conde_Nast_Traveler_logo.png\" alt=\"\" class=\"wp-image-461 size-full\" srcset=\"https:\/\/vivetietar.com\/wp-content\/uploads\/2022\/05\/Conde_Nast_Traveler_logo.png 447w, https:\/\/vivetietar.com\/wp-content\/uploads\/2022\/05\/Conde_Nast_Traveler_logo-300x150.png 300w\" sizes=\"auto, (max-width: 447px) 100vw, 447px\" \/><\/a><\/figure><div class=\"wp-block-media-text__content\">\n<p><strong><a href=\"https:\/\/www.traveler.es\/experiencias\/articulos\/candeleda-avila-planes-verano-2021\/21547\" target=\"_blank\" rel=\"noreferrer noopener\"><mark style=\"background-color:rgba(0, 0, 0, 0)\" class=\"has-inline-color has-white-color\">Ocho planes para hacer en Gredos este verano (2021-08-13)<\/mark><\/a><\/strong><\/p>\n<\/div><\/div>\n\n\n\n<div class=\"wp-block-media-text alignwide is-stacked-on-mobile\" style=\"grid-template-columns:15% auto\"><figure class=\"wp-block-media-text__media\"><a href=\"https:\/\/www.elmundo.es\/viajes\/espana\/2021\/08\/10\/60e704c721efa093728b456e.html\" target=\"_blank\" rel=\"noopener\"><img loading=\"lazy\" decoding=\"async\" width=\"600\" height=\"79\" src=\"https:\/\/vivetietar.com\/wp-content\/uploads\/2022\/05\/logo_el_mundo.png\" alt=\"\" class=\"wp-image-457 size-full\" srcset=\"https:\/\/vivetietar.com\/wp-content\/uploads\/2022\/05\/logo_el_mundo.png 600w, https:\/\/vivetietar.com\/wp-content\/uploads\/2022\/05\/logo_el_mundo-300x40.png 300w\" sizes=\"auto, (max-width: 600px) 100vw, 600px\" \/><\/a><\/figure><div class=\"wp-block-media-text__content\">\n<p><a href=\"https:\/\/www.elmundo.es\/viajes\/espana\/2021\/08\/10\/60e704c721efa093728b456e.html\" target=\"_blank\" rel=\"noreferrer noopener\"><strong><mark style=\"background-color:rgba(0, 0, 0, 0)\" class=\"has-inline-color has-white-color\">Cinco planes en Candeleda: naturaleza a bocados para toda la familia en el valle del Ti\u00e9tar (2021-08-10)<\/mark><\/strong><\/a><\/p>\n<\/div><\/div>\n\n\n\n<div class=\"wp-block-media-text alignwide is-stacked-on-mobile\" style=\"grid-template-columns:15% auto\"><figure class=\"wp-block-media-text__media\"><a href=\"https:\/\/www.traveler.es\/experiencias\/articulos\/gredos-planes-que-hacer-verano\/18699\" target=\"_blank\" rel=\"noopener\"><img loading=\"lazy\" decoding=\"async\" width=\"447\" height=\"223\" src=\"https:\/\/vivetietar.com\/wp-content\/uploads\/2022\/05\/Conde_Nast_Traveler_logo.png\" alt=\"\" class=\"wp-image-461 size-full\" srcset=\"https:\/\/vivetietar.com\/wp-content\/uploads\/2022\/05\/Conde_Nast_Traveler_logo.png 447w, https:\/\/vivetietar.com\/wp-content\/uploads\/2022\/05\/Conde_Nast_Traveler_logo-300x150.png 300w\" sizes=\"auto, (max-width: 447px) 100vw, 447px\" \/><\/a><\/figure><div class=\"wp-block-media-text__content\">\n<p><strong><a href=\"https:\/\/www.traveler.es\/experiencias\/articulos\/gredos-planes-que-hacer-verano\/18699\"><mark style=\"background-color:rgba(0, 0, 0, 0)\" class=\"has-inline-color has-white-color\">Ocho planes para hacer en Gredos este verano (2020-08-13)<\/mark><\/a><\/strong><\/p>\n<\/div><\/div>\n<\/div><\/div>\n\n\n\n<div style=\"height:25px\" aria-hidden=\"true\" class=\"wp-block-spacer\"><\/div>\n\n\n\n<p><strong><mark style=\"background-color:#0693e3\" class=\"has-inline-color has-white-color\">ALOJAMIENTOS:<\/mark><\/strong><\/p>\n\n\n\n<p>Si quieres alojarte por esta zona, te dejamos unos enlaces para que escojas la opci\u00f3n que m\u00e1s se ajuste a tus necesidades:<\/p>\n\n\n\n<div class=\"wp-block-cover\"><span aria-hidden=\"true\" class=\"wp-block-cover__background has-cyan-bluish-gray-background-color has-background-dim\"><\/span><img loading=\"lazy\" decoding=\"async\" width=\"1920\" height=\"1080\" class=\"wp-block-cover__image-background wp-image-449\" alt=\"\" src=\"https:\/\/vivetietar.com\/wp-content\/uploads\/2022\/05\/alojamientos.jpg\" data-object-fit=\"cover\" srcset=\"https:\/\/vivetietar.com\/wp-content\/uploads\/2022\/05\/alojamientos.jpg 1920w, https:\/\/vivetietar.com\/wp-content\/uploads\/2022\/05\/alojamientos-300x169.jpg 300w, https:\/\/vivetietar.com\/wp-content\/uploads\/2022\/05\/alojamientos-1024x576.jpg 1024w, https:\/\/vivetietar.com\/wp-content\/uploads\/2022\/05\/alojamientos-768x432.jpg 768w, https:\/\/vivetietar.com\/wp-content\/uploads\/2022\/05\/alojamientos-1536x864.jpg 1536w\" sizes=\"auto, (max-width: 1920px) 100vw, 1920px\" \/><div class=\"wp-block-cover__inner-container is-layout-flow wp-block-cover-is-layout-flow\">\n<div class=\"wp-block-columns is-layout-flex wp-container-core-columns-is-layout-28f84493 wp-block-columns-is-layout-flex\">\n<div class=\"wp-block-column is-layout-flow wp-block-column-is-layout-flow\">\n<p><strong><span style=\"text-decoration: underline;\"><mark style=\"background-color:#abb8c3\" class=\"has-inline-color\">ARENAS DE SAN PEDRO<\/mark><\/span><\/strong><\/p>\n\n\n\n<p><strong><a href=\"https:\/\/casacrisol.com\/\" target=\"_blank\" rel=\"noreferrer noopener\"><mark style=\"background-color:rgba(0, 0, 0, 0)\" class=\"has-inline-color has-white-color\">Casa Crisol<\/mark><\/a><\/strong><\/p>\n\n\n\n<p><strong><a href=\"https:\/\/retirorural.com\/index.php\/alojamientos\/112-hotel-rural-el-retiro-de-san-pedro\" target=\"_blank\" rel=\"noreferrer noopener\"><mark style=\"background-color:rgba(0, 0, 0, 0)\" class=\"has-inline-color has-white-color\">El Retiro De San Pedro<\/mark><\/a><\/strong><\/p>\n\n\n\n<p><a href=\"http:\/\/www.posadamia.com\/\" target=\"_blank\" rel=\"noreferrer noopener\"><strong><mark style=\"background-color:rgba(0, 0, 0, 0)\" class=\"has-inline-color has-white-color\">Posada El Canchal<\/mark><\/strong><\/a><\/p>\n\n\n\n<p><a href=\"https:\/\/www.posadamia.com\/\" target=\"_blank\" rel=\"noreferrer noopener\"><strong><mark style=\"background-color:rgba(0, 0, 0, 0)\" class=\"has-inline-color has-white-color\">Posada Triste Condesa<\/mark><\/strong><\/a><\/p>\n\n\n\n<p><strong><a href=\"http:\/\/lasgesillas.com\/\" target=\"_blank\" rel=\"noreferrer noopener\"><mark style=\"background-color:rgba(0, 0, 0, 0)\" class=\"has-inline-color has-white-color\">Las Gesillas<\/mark><\/a><\/strong><\/p>\n\n\n\n<p><a href=\"https:\/\/hotelruralelmarquesito.es\/\" target=\"_blank\" rel=\"noreferrer noopener\"><strong><mark style=\"background-color:rgba(0, 0, 0, 0)\" class=\"has-inline-color has-white-color\">Hotel Rural El Marquesito<\/mark><\/strong><\/a><\/p>\n\n\n\n<p><strong><a href=\"http:\/\/www.laloberadegredos.com\/\" target=\"_blank\" rel=\"noreferrer noopener\"><mark style=\"background-color:rgba(0, 0, 0, 0)\" class=\"has-inline-color has-white-color\">La Lobera De Gredos<\/mark><\/a><\/strong><\/p>\n\n\n\n<p><strong><a href=\"https:\/\/riocantos.es\/\" target=\"_blank\" rel=\"noreferrer noopener\"><mark style=\"background-color:rgba(0, 0, 0, 0)\" class=\"has-inline-color has-white-color\">Casa Rural Rio Cantos<\/mark><\/a><\/strong><\/p>\n<\/div>\n\n\n\n<div class=\"wp-block-column is-layout-flow wp-block-column-is-layout-flow\">\n<p><strong><span style=\"text-decoration: underline;\"><mark style=\"background-color:#abb8c3\" class=\"has-inline-color\">CANDELEDA<\/mark><\/span><\/strong><\/p>\n\n\n\n<p class=\"has-text-color\" style=\"color:#fffb00\"><strong><a href=\"http:\/\/www.laguaridadeloso.es\/\" target=\"_blank\" rel=\"noreferrer noopener\"><mark style=\"background-color:rgba(0, 0, 0, 0)\" class=\"has-inline-color has-white-color\">La Guarida Del Oso<\/mark><\/a><\/strong><\/p>\n\n\n\n<p class=\"has-text-color\" style=\"color:#fffb00\"><strong><a href=\"http:\/\/www.pasociguenas.es\/\" target=\"_blank\" rel=\"noreferrer noopener\"><mark style=\"background-color:rgba(0, 0, 0, 0)\" class=\"has-inline-color has-white-color\">El Paso De Las Cig\u00fce\u00f1as<\/mark><\/a><\/strong><\/p>\n\n\n\n<p class=\"has-text-color\" style=\"color:#fffb00\"><strong><a href=\"https:\/\/elvergeldechilla.com\/\" target=\"_blank\" rel=\"noreferrer noopener\"><mark style=\"background-color:rgba(0, 0, 0, 0)\" class=\"has-inline-color has-white-color\">El Vergel De Chilla<\/mark><\/a><\/strong><\/p>\n\n\n\n<p class=\"has-text-color\" style=\"color:#fffb00\"><strong><a href=\"http:\/\/www.chozosdetejea.com\/\" target=\"_blank\" rel=\"noreferrer noopener\"><mark style=\"background-color:rgba(0, 0, 0, 0)\" class=\"has-inline-color has-white-color\">Chozos De Tejea<\/mark><\/a><\/strong><\/p>\n\n\n\n<p class=\"has-text-color\" style=\"color:#fffb00\"><strong><a href=\"https:\/\/casarurallascabanyas.com\/\" target=\"_blank\" rel=\"noreferrer noopener\"><mark style=\"background-color:rgba(0, 0, 0, 0)\" class=\"has-inline-color has-white-color\">Las Caba\u00f1as<\/mark><\/a><\/strong><\/p>\n\n\n\n<p class=\"has-text-color\" style=\"color:#fffb00\"><strong><a href=\"https:\/\/elesconditedepedromalillo.com\/\" target=\"_blank\" rel=\"noreferrer noopener\"><mark style=\"background-color:rgba(0, 0, 0, 0)\" class=\"has-inline-color has-white-color\">El Escondite De Pedro Malillo<\/mark><\/a><\/strong><a href=\"https:\/\/web.archive.org\/web\/20200130102205\/http:\/\/www.vivetietar.com\/welcome\/\"><\/a><\/p>\n<\/div>\n<\/div>\n<\/div><\/div>\n","protected":false},"excerpt":{"rendered":"<p>RECOMENDACIONES DURANTE LA ACTIVIDAD: Nuestra dilatada experiencia (llevamos funcionando en el r\u00edo Ti\u00e9tar y en el pantano de Rosarito desde<\/p>\n","protected":false},"author":2,"featured_media":0,"parent":0,"menu_order":0,"comment_status":"closed","ping_status":"closed","template":"","meta":{"colormag_page_container_layout":"default_layout","colormag_page_sidebar_layout":"default_layout","footnotes":""},"class_list":["post-161","page","type-page","status-publish","hentry"],"yoast_head":"<!-- This site is optimized with the Yoast SEO plugin v27.4 - https:\/\/yoast.com\/product\/yoast-seo-wordpress\/ -->\n<title>Informaci\u00f3n de inter\u00e9s - Viveti\u00e9tar<\/title>\n<meta name=\"robots\" content=\"index, follow, max-snippet:-1, max-image-preview:large, max-video-preview:-1\" \/>\n<link rel=\"canonical\" href=\"https:\/\/vivetietar.com\/?page_id=161\" \/>\n<meta property=\"og:locale\" content=\"es_ES\" \/>\n<meta property=\"og:type\" content=\"article\" \/>\n<meta property=\"og:title\" content=\"Informaci\u00f3n de inter\u00e9s - Viveti\u00e9tar\" \/>\n<meta property=\"og:description\" content=\"RECOMENDACIONES DURANTE LA ACTIVIDAD: Nuestra dilatada experiencia (llevamos funcionando en el r\u00edo Ti\u00e9tar y en el pantano de Rosarito desde\" \/>\n<meta property=\"og:url\" content=\"https:\/\/vivetietar.com\/?page_id=161\" \/>\n<meta property=\"og:site_name\" content=\"Viveti\u00e9tar\" \/>\n<meta property=\"article:publisher\" content=\"https:\/\/www.facebook.com\/orlando.vivetietar\/about\" \/>\n<meta property=\"article:modified_time\" content=\"2023-04-28T15:57:59+00:00\" \/>\n<meta property=\"og:image\" content=\"https:\/\/vivetietar.com\/wp-content\/uploads\/2022\/03\/cropped-logo_vivetietar_icono.png\" \/>\n\t<meta property=\"og:image:width\" content=\"512\" \/>\n\t<meta property=\"og:image:height\" content=\"512\" \/>\n\t<meta property=\"og:image:type\" content=\"image\/png\" \/>\n<meta name=\"twitter:card\" content=\"summary_large_image\" \/>\n<meta name=\"twitter:image\" content=\"https:\/\/vivetietar.com\/wp-content\/uploads\/2022\/03\/cropped-logo_vivetietar_icono.png\" \/>\n<meta name=\"twitter:label1\" content=\"Tiempo de lectura\" \/>\n\t<meta name=\"twitter:data1\" content=\"3 minutos\" \/>\n<script type=\"application\/ld+json\" class=\"yoast-schema-graph\">{\"@context\":\"https:\\\/\\\/schema.org\",\"@graph\":[{\"@type\":\"WebPage\",\"@id\":\"https:\\\/\\\/vivetietar.com\\\/?page_id=161\",\"url\":\"https:\\\/\\\/vivetietar.com\\\/?page_id=161\",\"name\":\"Informaci\u00f3n de inter\u00e9s - Viveti\u00e9tar\",\"isPartOf\":{\"@id\":\"https:\\\/\\\/vivetietar.com\\\/#website\"},\"primaryImageOfPage\":{\"@id\":\"https:\\\/\\\/vivetietar.com\\\/?page_id=161#primaryimage\"},\"image\":{\"@id\":\"https:\\\/\\\/vivetietar.com\\\/?page_id=161#primaryimage\"},\"thumbnailUrl\":\"https:\\\/\\\/vivetietar.com\\\/wp-content\\\/uploads\\\/2022\\\/06\\\/logo_guias_gredos.png\",\"datePublished\":\"2022-02-26T01:05:35+00:00\",\"dateModified\":\"2023-04-28T15:57:59+00:00\",\"breadcrumb\":{\"@id\":\"https:\\\/\\\/vivetietar.com\\\/?page_id=161#breadcrumb\"},\"inLanguage\":\"es\",\"potentialAction\":[{\"@type\":\"ReadAction\",\"target\":[\"https:\\\/\\\/vivetietar.com\\\/?page_id=161\"]}]},{\"@type\":\"ImageObject\",\"inLanguage\":\"es\",\"@id\":\"https:\\\/\\\/vivetietar.com\\\/?page_id=161#primaryimage\",\"url\":\"https:\\\/\\\/vivetietar.com\\\/wp-content\\\/uploads\\\/2022\\\/06\\\/logo_guias_gredos.png\",\"contentUrl\":\"https:\\\/\\\/vivetietar.com\\\/wp-content\\\/uploads\\\/2022\\\/06\\\/logo_guias_gredos.png\",\"width\":400,\"height\":125},{\"@type\":\"BreadcrumbList\",\"@id\":\"https:\\\/\\\/vivetietar.com\\\/?page_id=161#breadcrumb\",\"itemListElement\":[{\"@type\":\"ListItem\",\"position\":1,\"name\":\"Portada\",\"item\":\"https:\\\/\\\/vivetietar.com\\\/\"},{\"@type\":\"ListItem\",\"position\":2,\"name\":\"Informaci\u00f3n de inter\u00e9s\"}]},{\"@type\":\"WebSite\",\"@id\":\"https:\\\/\\\/vivetietar.com\\\/#website\",\"url\":\"https:\\\/\\\/vivetietar.com\\\/\",\"name\":\"Viveti\u00e9tar\",\"description\":\"Rutas y traves\u00edas en canoa y piragua; por el r\u00edo Ti\u00e9tar y el pantano de Rosarito generalmente\",\"publisher\":{\"@id\":\"https:\\\/\\\/vivetietar.com\\\/#\\\/schema\\\/person\\\/2cd054c532b9b4488b211bbccb6c0446\"},\"potentialAction\":[{\"@type\":\"SearchAction\",\"target\":{\"@type\":\"EntryPoint\",\"urlTemplate\":\"https:\\\/\\\/vivetietar.com\\\/?s={search_term_string}\"},\"query-input\":{\"@type\":\"PropertyValueSpecification\",\"valueRequired\":true,\"valueName\":\"search_term_string\"}}],\"inLanguage\":\"es\"},{\"@type\":[\"Person\",\"Organization\"],\"@id\":\"https:\\\/\\\/vivetietar.com\\\/#\\\/schema\\\/person\\\/2cd054c532b9b4488b211bbccb6c0446\",\"name\":\"vivetietar\",\"image\":{\"@type\":\"ImageObject\",\"inLanguage\":\"es\",\"@id\":\"https:\\\/\\\/vivetietar.com\\\/wp-content\\\/uploads\\\/2022\\\/02\\\/logo_vivetietar.png\",\"url\":\"https:\\\/\\\/vivetietar.com\\\/wp-content\\\/uploads\\\/2022\\\/02\\\/logo_vivetietar.png\",\"contentUrl\":\"https:\\\/\\\/vivetietar.com\\\/wp-content\\\/uploads\\\/2022\\\/02\\\/logo_vivetietar.png\",\"width\":707,\"height\":465,\"caption\":\"vivetietar\"},\"logo\":{\"@id\":\"https:\\\/\\\/vivetietar.com\\\/wp-content\\\/uploads\\\/2022\\\/02\\\/logo_vivetietar.png\"},\"sameAs\":[\"https:\\\/\\\/vivetietar.com\",\"https:\\\/\\\/www.facebook.com\\\/orlando.vivetietar\\\/about\",\"https:\\\/\\\/www.youtube.com\\\/user\\\/vivetietar\"]}]}<\/script>\n<!-- \/ Yoast SEO plugin. -->","yoast_head_json":{"title":"Informaci\u00f3n de inter\u00e9s - Viveti\u00e9tar","robots":{"index":"index","follow":"follow","max-snippet":"max-snippet:-1","max-image-preview":"max-image-preview:large","max-video-preview":"max-video-preview:-1"},"canonical":"https:\/\/vivetietar.com\/?page_id=161","og_locale":"es_ES","og_type":"article","og_title":"Informaci\u00f3n de inter\u00e9s - Viveti\u00e9tar","og_description":"RECOMENDACIONES DURANTE LA ACTIVIDAD: Nuestra dilatada experiencia (llevamos funcionando en el r\u00edo Ti\u00e9tar y en el pantano de Rosarito desde","og_url":"https:\/\/vivetietar.com\/?page_id=161","og_site_name":"Viveti\u00e9tar","article_publisher":"https:\/\/www.facebook.com\/orlando.vivetietar\/about","article_modified_time":"2023-04-28T15:57:59+00:00","og_image":[{"width":512,"height":512,"url":"https:\/\/vivetietar.com\/wp-content\/uploads\/2022\/03\/cropped-logo_vivetietar_icono.png","type":"image\/png"}],"twitter_card":"summary_large_image","twitter_image":"https:\/\/vivetietar.com\/wp-content\/uploads\/2022\/03\/cropped-logo_vivetietar_icono.png","twitter_misc":{"Tiempo de lectura":"3 minutos"},"schema":{"@context":"https:\/\/schema.org","@graph":[{"@type":"WebPage","@id":"https:\/\/vivetietar.com\/?page_id=161","url":"https:\/\/vivetietar.com\/?page_id=161","name":"Informaci\u00f3n de inter\u00e9s - Viveti\u00e9tar","isPartOf":{"@id":"https:\/\/vivetietar.com\/#website"},"primaryImageOfPage":{"@id":"https:\/\/vivetietar.com\/?page_id=161#primaryimage"},"image":{"@id":"https:\/\/vivetietar.com\/?page_id=161#primaryimage"},"thumbnailUrl":"https:\/\/vivetietar.com\/wp-content\/uploads\/2022\/06\/logo_guias_gredos.png","datePublished":"2022-02-26T01:05:35+00:00","dateModified":"2023-04-28T15:57:59+00:00","breadcrumb":{"@id":"https:\/\/vivetietar.com\/?page_id=161#breadcrumb"},"inLanguage":"es","potentialAction":[{"@type":"ReadAction","target":["https:\/\/vivetietar.com\/?page_id=161"]}]},{"@type":"ImageObject","inLanguage":"es","@id":"https:\/\/vivetietar.com\/?page_id=161#primaryimage","url":"https:\/\/vivetietar.com\/wp-content\/uploads\/2022\/06\/logo_guias_gredos.png","contentUrl":"https:\/\/vivetietar.com\/wp-content\/uploads\/2022\/06\/logo_guias_gredos.png","width":400,"height":125},{"@type":"BreadcrumbList","@id":"https:\/\/vivetietar.com\/?page_id=161#breadcrumb","itemListElement":[{"@type":"ListItem","position":1,"name":"Portada","item":"https:\/\/vivetietar.com\/"},{"@type":"ListItem","position":2,"name":"Informaci\u00f3n de inter\u00e9s"}]},{"@type":"WebSite","@id":"https:\/\/vivetietar.com\/#website","url":"https:\/\/vivetietar.com\/","name":"Viveti\u00e9tar","description":"Rutas y traves\u00edas en canoa y piragua; por el r\u00edo Ti\u00e9tar y el pantano de Rosarito generalmente","publisher":{"@id":"https:\/\/vivetietar.com\/#\/schema\/person\/2cd054c532b9b4488b211bbccb6c0446"},"potentialAction":[{"@type":"SearchAction","target":{"@type":"EntryPoint","urlTemplate":"https:\/\/vivetietar.com\/?s={search_term_string}"},"query-input":{"@type":"PropertyValueSpecification","valueRequired":true,"valueName":"search_term_string"}}],"inLanguage":"es"},{"@type":["Person","Organization"],"@id":"https:\/\/vivetietar.com\/#\/schema\/person\/2cd054c532b9b4488b211bbccb6c0446","name":"vivetietar","image":{"@type":"ImageObject","inLanguage":"es","@id":"https:\/\/vivetietar.com\/wp-content\/uploads\/2022\/02\/logo_vivetietar.png","url":"https:\/\/vivetietar.com\/wp-content\/uploads\/2022\/02\/logo_vivetietar.png","contentUrl":"https:\/\/vivetietar.com\/wp-content\/uploads\/2022\/02\/logo_vivetietar.png","width":707,"height":465,"caption":"vivetietar"},"logo":{"@id":"https:\/\/vivetietar.com\/wp-content\/uploads\/2022\/02\/logo_vivetietar.png"},"sameAs":["https:\/\/vivetietar.com","https:\/\/www.facebook.com\/orlando.vivetietar\/about","https:\/\/www.youtube.com\/user\/vivetietar"]}]}},"_links":{"self":[{"href":"https:\/\/vivetietar.com\/index.php?rest_route=\/wp\/v2\/pages\/161","targetHints":{"allow":["GET"]}}],"collection":[{"href":"https:\/\/vivetietar.com\/index.php?rest_route=\/wp\/v2\/pages"}],"about":[{"href":"https:\/\/vivetietar.com\/index.php?rest_route=\/wp\/v2\/types\/page"}],"author":[{"embeddable":true,"href":"https:\/\/vivetietar.com\/index.php?rest_route=\/wp\/v2\/users\/2"}],"replies":[{"embeddable":true,"href":"https:\/\/vivetietar.com\/index.php?rest_route=%2Fwp%2Fv2%2Fcomments&post=161"}],"version-history":[{"count":43,"href":"https:\/\/vivetietar.com\/index.php?rest_route=\/wp\/v2\/pages\/161\/revisions"}],"predecessor-version":[{"id":588,"href":"https:\/\/vivetietar.com\/index.php?rest_route=\/wp\/v2\/pages\/161\/revisions\/588"}],"wp:attachment":[{"href":"https:\/\/vivetietar.com\/index.php?rest_route=%2Fwp%2Fv2%2Fmedia&parent=161"}],"curies":[{"name":"wp","href":"https:\/\/api.w.org\/{rel}","templated":true}]}}